{"id":6816,"date":"2025-03-06T01:55:45","date_gmt":"2025-03-06T00:55:45","guid":{"rendered":"https:\/\/proyectos.holistica.co\/comasud\/?page_id=6816"},"modified":"2025-03-12T14:11:38","modified_gmt":"2025-03-12T13:11:38","slug":"la-masoneria","status":"publish","type":"page","link":"https:\/\/comasud.org\/index.php\/la-masoneria\/","title":{"rendered":"La Masoner\u00eda"},"content":{"rendered":"\t\t<div data-elementor-type=\"wp-page\" data-elementor-id=\"6816\" class=\"elementor elementor-6816\" data-elementor-post-type=\"page\">\n\t\t\t\t<div class=\"elementor-element elementor-element-440fd86d e-con-full e-flex e-con e-parent\" data-id=\"440fd86d\" data-element_type=\"container\" data-e-type=\"container\">\n\t\t\t\t<div class=\"elementor-element elementor-element-60058c4 elementor-widget-mobile__width-initial elementor-widget elementor-widget-text-editor\" data-id=\"60058c4\" data-element_type=\"widget\" data-e-type=\"widget\" data-widget_type=\"text-editor.default\">\n\t\t\t\t<div class=\"elementor-widget-container\">\n\t\t\t\t\t\t\t\t\t<p><!-- \/wp:paragraph --><!-- wp:paragraph --><\/p>\n<p>\u00a0<\/p>\n<p>Para la COMASUD, la Masoner\u00eda es una instituci\u00f3n filos\u00f3fica, inici\u00e1tica, progresista, civilizadora y filantr\u00f3pica formada por la asociaci\u00f3n de hombres libres y de buenas costumbres, unidos en familia por lazos de fraternidad.<\/p>\n<p>Tiene como base la creencia en un Principio Creador. Proclama la libertad civil y de conciencia; predica el ejercicio de todas las virtudes; lucha contra la ignorancia y el error en todas sus formas.<\/p>\n<p><span style=\"color: #00a99d;\"><strong>Sus fines esenciales son:<\/strong><\/span><\/p>\n<p style=\"padding-left: 40px;\"><b>\u2022<\/b> La uni\u00f3n de todos los hombres por el amor fraternal.<br \/><b>\u2022<\/b> La propagaci\u00f3n de la pureza de sentimientos por la moral.<br \/><b>\u2022<\/b> El mejoramiento de la condici\u00f3n social del hombre por la instrucci\u00f3n, el trabajo, por la protecci\u00f3n mutua y solidaridad.<\/p>\n<p>La Masoner\u00eda no es \u00f3rgano de ning\u00fan partido pol\u00edtico ni agrupaci\u00f3n social y se reafirma en el prop\u00f3sito de estudiar e impulsar, al margen y por encima de aquellos, los problemas referentes a la vida humana para asegurar la paz, la justicia y la fraternidad entre los hombres y los pueblos; sin diferencia alguna de raza, nacionalidad o creencia.<\/p>\n<p>La Masoner\u00eda reconoce la posibilidad de mejoramiento indefinido del hombre y de la humanidad.<\/p>\n<p>\u00a0<\/p>\n<p><!-- \/wp:paragraph --><\/p>\t\t\t\t\t\t\t\t<\/div>\n\t\t\t\t<\/div>\n\t\t\t\t<\/div>\n\t\t\t\t<\/div>\n\t\t","protected":false},"excerpt":{"rendered":"<p>\u00a0 Para la COMASUD, la Masoner\u00eda es una instituci\u00f3n filos\u00f3fica, inici\u00e1tica, progresista, civilizadora y filantr\u00f3pica formada por la asociaci\u00f3n de hombres libres y de buenas costumbres, unidos en familia por lazos de fraternidad. Tiene como base la creencia en un Principio Creador. Proclama la libertad civil y de conciencia; predica el ejercicio de todas las&hellip;<\/p>\n","protected":false},"author":1,"featured_media":0,"parent":0,"menu_order":0,"comment_status":"closed","ping_status":"closed","template":"","meta":{"footnotes":""},"class_list":["post-6816","page","type-page","status-publish","hentry"],"_links":{"self":[{"href":"https:\/\/comasud.org\/index.php\/wp-json\/wp\/v2\/pages\/6816","targetHints":{"allow":["GET"]}}],"collection":[{"href":"https:\/\/comasud.org\/index.php\/wp-json\/wp\/v2\/pages"}],"about":[{"href":"https:\/\/comasud.org\/index.php\/wp-json\/wp\/v2\/types\/page"}],"author":[{"embeddable":true,"href":"https:\/\/comasud.org\/index.php\/wp-json\/wp\/v2\/users\/1"}],"replies":[{"embeddable":true,"href":"https:\/\/comasud.org\/index.php\/wp-json\/wp\/v2\/comments?post=6816"}],"version-history":[{"count":36,"href":"https:\/\/comasud.org\/index.php\/wp-json\/wp\/v2\/pages\/6816\/revisions"}],"predecessor-version":[{"id":7304,"href":"https:\/\/comasud.org\/index.php\/wp-json\/wp\/v2\/pages\/6816\/revisions\/7304"}],"wp:attachment":[{"href":"https:\/\/comasud.org\/index.php\/wp-json\/wp\/v2\/media?parent=6816"}],"curies":[{"name":"wp","href":"https:\/\/api.w.org\/{rel}","templated":true}]}}