{"id":6945,"date":"2025-03-06T15:10:56","date_gmt":"2025-03-06T14:10:56","guid":{"rendered":"https:\/\/proyectos.holistica.co\/comasud\/?page_id=6945"},"modified":"2025-06-26T12:05:44","modified_gmt":"2025-06-26T10:05:44","slug":"autoridades","status":"publish","type":"page","link":"https:\/\/comasud.org\/index.php\/autoridades\/","title":{"rendered":"Autoridades"},"content":{"rendered":"\t\t<div data-elementor-type=\"wp-page\" data-elementor-id=\"6945\" class=\"elementor elementor-6945\" data-elementor-post-type=\"page\">\n\t\t\t\t<div class=\"elementor-element elementor-element-f78b2eb e-grid e-con-boxed e-con e-parent\" data-id=\"f78b2eb\" data-element_type=\"container\" data-e-type=\"container\">\n\t\t\t\t\t<div class=\"e-con-inner\">\n\t\t\t\t<div class=\"elementor-element elementor-element-3868af6 elementor-widget elementor-widget-image\" data-id=\"3868af6\" data-element_type=\"widget\" data-e-type=\"widget\" data-widget_type=\"image.default\">\n\t\t\t\t<div class=\"elementor-widget-container\">\n\t\t\t\t\t\t\t\t\t\t\t\t\t\t\t<img fetchpriority=\"high\" decoding=\"async\" width=\"275\" height=\"300\" src=\"https:\/\/comasud.org\/wp-content\/uploads\/2025\/03\/Autoridades-JoseFernandezZacur-275x300.png\" class=\"attachment-medium size-medium wp-image-7079\" alt=\"\" srcset=\"https:\/\/comasud.org\/wp-content\/uploads\/2025\/03\/Autoridades-JoseFernandezZacur-275x300.png 275w, https:\/\/comasud.org\/wp-content\/uploads\/2025\/03\/Autoridades-JoseFernandezZacur.png 400w\" sizes=\"(max-width: 275px) 100vw, 275px\" \/>\t\t\t\t\t\t\t\t\t\t\t\t\t\t\t<\/div>\n\t\t\t\t<\/div>\n\t\t\t\t<div class=\"elementor-element elementor-element-f6582a5 elementor-widget elementor-widget-text-editor\" data-id=\"f6582a5\" data-element_type=\"widget\" data-e-type=\"widget\" data-widget_type=\"text-editor.default\">\n\t\t\t\t<div class=\"elementor-widget-container\">\n\t\t\t\t\t\t\t\t\t<h4 style=\"text-align: center;\"><span style=\"color: #00a99d;\"><strong>PRESIDENTE:<\/strong><\/span><br \/><span style=\"color: #142e63;\"><strong>MRH Jos\u00e9 Fern\u00e1ndez Zacur<\/strong><\/span><br \/>Gran Logia Simb\u00f3lica<br \/>del Paraguay.<\/h4>\t\t\t\t\t\t\t\t<\/div>\n\t\t\t\t<\/div>\n\t\t\t\t<div class=\"elementor-element elementor-element-b559f17 elementor-widget elementor-widget-image\" data-id=\"b559f17\" data-element_type=\"widget\" data-e-type=\"widget\" data-widget_type=\"image.default\">\n\t\t\t\t<div class=\"elementor-widget-container\">\n\t\t\t\t\t\t\t\t\t\t\t\t\t\t\t<img decoding=\"async\" width=\"275\" height=\"300\" src=\"https:\/\/comasud.org\/wp-content\/uploads\/2025\/03\/Autoridades-JorgeBadani-275x300.png\" class=\"attachment-medium size-medium wp-image-7080\" alt=\"\" srcset=\"https:\/\/comasud.org\/wp-content\/uploads\/2025\/03\/Autoridades-JorgeBadani-275x300.png 275w, https:\/\/comasud.org\/wp-content\/uploads\/2025\/03\/Autoridades-JorgeBadani.png 400w\" sizes=\"(max-width: 275px) 100vw, 275px\" \/>\t\t\t\t\t\t\t\t\t\t\t\t\t\t\t<\/div>\n\t\t\t\t<\/div>\n\t\t\t\t<div class=\"elementor-element elementor-element-2356492 elementor-widget elementor-widget-text-editor\" data-id=\"2356492\" data-element_type=\"widget\" data-e-type=\"widget\" data-widget_type=\"text-editor.default\">\n\t\t\t\t<div class=\"elementor-widget-container\">\n\t\t\t\t\t\t\t\t\t<h4 style=\"text-align: center;\"><span style=\"color: #00a99d;\"><strong>VICEPRESIDENTE:<\/strong><\/span><br \/><span style=\"color: #142e63;\"><strong>MRH Jorge Baldani Lenz<\/strong><\/span><br \/>Gran Logia de Bolivia.<\/h4><p>\u00a0<\/p><p>\u00a0<\/p>\t\t\t\t\t\t\t\t<\/div>\n\t\t\t\t<\/div>\n\t\t\t\t<div class=\"elementor-element elementor-element-c199deb elementor-widget elementor-widget-image\" data-id=\"c199deb\" data-element_type=\"widget\" data-e-type=\"widget\" data-widget_type=\"image.default\">\n\t\t\t\t<div class=\"elementor-widget-container\">\n\t\t\t\t\t\t\t\t\t\t\t\t\t\t\t<img decoding=\"async\" width=\"275\" height=\"300\" src=\"https:\/\/comasud.org\/wp-content\/uploads\/2025\/03\/Autoridades-MarioPera-275x300.png\" class=\"attachment-medium size-medium wp-image-7081\" alt=\"\" srcset=\"https:\/\/comasud.org\/wp-content\/uploads\/2025\/03\/Autoridades-MarioPera-275x300.png 275w, https:\/\/comasud.org\/wp-content\/uploads\/2025\/03\/Autoridades-MarioPera.png 400w\" sizes=\"(max-width: 275px) 100vw, 275px\" \/>\t\t\t\t\t\t\t\t\t\t\t\t\t\t\t<\/div>\n\t\t\t\t<\/div>\n\t\t\t\t<div class=\"elementor-element elementor-element-831d2b6 elementor-widget elementor-widget-text-editor\" data-id=\"831d2b6\" data-element_type=\"widget\" data-e-type=\"widget\" data-widget_type=\"text-editor.default\">\n\t\t\t\t<div class=\"elementor-widget-container\">\n\t\t\t\t\t\t\t\t\t<h4 style=\"text-align: center;\"><span style=\"color: #00a99d;\"><strong>SECRETARIO:<\/strong><\/span><br \/><span style=\"color: #142e63;\"><strong>MRH Mario Pera<\/strong><\/span><br \/>Gran Logia de la Masoner\u00eda del Uruguay.<\/h4><p>\u00a0<\/p><p>\u00a0<\/p>\t\t\t\t\t\t\t\t<\/div>\n\t\t\t\t<\/div>\n\t\t\t\t<div class=\"elementor-element elementor-element-19ced2b elementor-widget elementor-widget-image\" data-id=\"19ced2b\" data-element_type=\"widget\" data-e-type=\"widget\" data-widget_type=\"image.default\">\n\t\t\t\t<div class=\"elementor-widget-container\">\n\t\t\t\t\t\t\t\t\t\t\t\t\t\t\t<img loading=\"lazy\" decoding=\"async\" width=\"275\" height=\"300\" src=\"https:\/\/comasud.org\/wp-content\/uploads\/2025\/03\/Autoridades-CarlosTejada-275x300.png\" class=\"attachment-medium size-medium wp-image-7082\" alt=\"\" srcset=\"https:\/\/comasud.org\/wp-content\/uploads\/2025\/03\/Autoridades-CarlosTejada-275x300.png 275w, https:\/\/comasud.org\/wp-content\/uploads\/2025\/03\/Autoridades-CarlosTejada.png 400w\" sizes=\"(max-width: 275px) 100vw, 275px\" \/>\t\t\t\t\t\t\t\t\t\t\t\t\t\t\t<\/div>\n\t\t\t\t<\/div>\n\t\t\t\t<div class=\"elementor-element elementor-element-d36c409 elementor-widget elementor-widget-text-editor\" data-id=\"d36c409\" data-element_type=\"widget\" data-e-type=\"widget\" data-widget_type=\"text-editor.default\">\n\t\t\t\t<div class=\"elementor-widget-container\">\n\t\t\t\t\t\t\t\t\t<h4 style=\"text-align: center;\">\u00a0<span style=\"color: #00a99d;\"><strong>TESORERO:<\/strong><\/span><br \/><span style=\"color: #000080;\"><strong>MRH Ca<span style=\"color: #142e63;\">rlos Antonio Tejeda Rojas<\/span><\/strong><\/span><br \/>Gran Logia de Antiguos, Libres y Aceptados\u00a0<span style=\"letter-spacing: var(--the7-h4-letter-spacing); text-transform: var(--the7-h4-text-transform); word-spacing: var(--the7-h4-word-spacing); text-decoration: var(--the7-h4-text-decoration);\">Masones del Per\u00fa.<\/span><\/h4><p>\u00a0<\/p><p>\u00a0<\/p>\t\t\t\t\t\t\t\t<\/div>\n\t\t\t\t<\/div>\n\t\t\t\t<div class=\"elementor-element elementor-element-7a465d6 elementor-widget elementor-widget-image\" data-id=\"7a465d6\" data-element_type=\"widget\" data-e-type=\"widget\" data-widget_type=\"image.default\">\n\t\t\t\t<div class=\"elementor-widget-container\">\n\t\t\t\t\t\t\t\t\t\t\t\t\t\t\t<img loading=\"lazy\" decoding=\"async\" width=\"275\" height=\"300\" src=\"https:\/\/comasud.org\/wp-content\/uploads\/2025\/03\/Autoridades-AdemirDasilva-275x300.png\" class=\"attachment-medium size-medium wp-image-7083\" alt=\"\" srcset=\"https:\/\/comasud.org\/wp-content\/uploads\/2025\/03\/Autoridades-AdemirDasilva-275x300.png 275w, https:\/\/comasud.org\/wp-content\/uploads\/2025\/03\/Autoridades-AdemirDasilva.png 400w\" sizes=\"(max-width: 275px) 100vw, 275px\" \/>\t\t\t\t\t\t\t\t\t\t\t\t\t\t\t<\/div>\n\t\t\t\t<\/div>\n\t\t\t\t<div class=\"elementor-element elementor-element-e2f9029 elementor-widget elementor-widget-text-editor\" data-id=\"e2f9029\" data-element_type=\"widget\" data-e-type=\"widget\" data-widget_type=\"text-editor.default\">\n\t\t\t\t<div class=\"elementor-widget-container\">\n\t\t\t\t\t\t\t\t\t<h4 style=\"text-align: center;\"><span style=\"color: #00a99d;\"><strong>DIRECTORIO:<\/strong><\/span><\/h4><h4 style=\"text-align: center;\"><span style=\"color: #142e63;\"><strong>MRH Ademir Candido da Silva<\/strong><\/span><br \/>Gran Oriente do Brasil.<\/h4><p>\u00a0<\/p><p>\u00a0<\/p>\t\t\t\t\t\t\t\t<\/div>\n\t\t\t\t<\/div>\n\t\t\t\t<div class=\"elementor-element elementor-element-b5f3b65 elementor-widget elementor-widget-image\" data-id=\"b5f3b65\" data-element_type=\"widget\" data-e-type=\"widget\" data-widget_type=\"image.default\">\n\t\t\t\t<div class=\"elementor-widget-container\">\n\t\t\t\t\t\t\t\t\t\t\t\t\t\t\t<img loading=\"lazy\" decoding=\"async\" width=\"275\" height=\"300\" src=\"https:\/\/comasud.org\/wp-content\/uploads\/2025\/03\/Autoridades-PabloLazaro-275x300.png\" class=\"attachment-medium size-medium wp-image-7084\" alt=\"\" srcset=\"https:\/\/comasud.org\/wp-content\/uploads\/2025\/03\/Autoridades-PabloLazaro-275x300.png 275w, https:\/\/comasud.org\/wp-content\/uploads\/2025\/03\/Autoridades-PabloLazaro.png 400w\" sizes=\"(max-width: 275px) 100vw, 275px\" \/>\t\t\t\t\t\t\t\t\t\t\t\t\t\t\t<\/div>\n\t\t\t\t<\/div>\n\t\t\t\t<div class=\"elementor-element elementor-element-33071ec elementor-widget elementor-widget-text-editor\" data-id=\"33071ec\" data-element_type=\"widget\" data-e-type=\"widget\" data-widget_type=\"text-editor.default\">\n\t\t\t\t<div class=\"elementor-widget-container\">\n\t\t\t\t\t\t\t\t\t<h4 style=\"text-align: center;\"><span style=\"color: #142e63;\"><strong>MRH Pablo L\u00e1zaro<\/strong><\/span><br \/>Gran Logia de Libres y Aceptados Masones de la Argentina.<\/h4><p>\u00a0<\/p><p>\u00a0<\/p>\t\t\t\t\t\t\t\t<\/div>\n\t\t\t\t<\/div>\n\t\t\t\t<div class=\"elementor-element elementor-element-2dca955 elementor-widget elementor-widget-image\" data-id=\"2dca955\" data-element_type=\"widget\" data-e-type=\"widget\" data-widget_type=\"image.default\">\n\t\t\t\t<div class=\"elementor-widget-container\">\n\t\t\t\t\t\t\t\t\t\t\t\t\t\t\t<img loading=\"lazy\" decoding=\"async\" width=\"275\" height=\"300\" src=\"https:\/\/comasud.org\/wp-content\/uploads\/2025\/03\/Autoridades-SebastianJans-275x300.png\" class=\"attachment-medium size-medium wp-image-7085\" alt=\"\" srcset=\"https:\/\/comasud.org\/wp-content\/uploads\/2025\/03\/Autoridades-SebastianJans-275x300.png 275w, https:\/\/comasud.org\/wp-content\/uploads\/2025\/03\/Autoridades-SebastianJans.png 400w\" sizes=\"(max-width: 275px) 100vw, 275px\" \/>\t\t\t\t\t\t\t\t\t\t\t\t\t\t\t<\/div>\n\t\t\t\t<\/div>\n\t\t\t\t<div class=\"elementor-element elementor-element-c70b15b elementor-widget elementor-widget-text-editor\" data-id=\"c70b15b\" data-element_type=\"widget\" data-e-type=\"widget\" data-widget_type=\"text-editor.default\">\n\t\t\t\t<div class=\"elementor-widget-container\">\n\t\t\t\t\t\t\t\t\t<h4 style=\"text-align: center;\"><span style=\"color: #142e63;\"><strong>MRH Sebasti\u00e1n Jans P\u00e9rez<\/strong><\/span><br>Gran Logia de Chile.<\/h4>\n<p style=\"text-align: center;\">\n<\/p>\t\t\t\t\t\t\t\t<\/div>\n\t\t\t\t<\/div>\n\t\t\t\t\t<\/div>\n\t\t\t\t<\/div>\n\t\t\t\t<\/div>\n\t\t","protected":false},"excerpt":{"rendered":"<p>PRESIDENTE:MRH Jos\u00e9 Fern\u00e1ndez ZacurGran Logia Simb\u00f3licadel Paraguay. VICEPRESIDENTE:MRH Jorge Baldani LenzGran Logia de Bolivia. \u00a0 \u00a0 SECRETARIO:MRH Mario PeraGran Logia de la Masoner\u00eda del Uruguay. \u00a0 \u00a0 \u00a0TESORERO:MRH Carlos Antonio Tejeda RojasGran Logia de Antiguos, Libres y Aceptados\u00a0Masones del Per\u00fa. \u00a0 \u00a0 DIRECTORIO: MRH Ademir Candido da SilvaGran Oriente do Brasil. \u00a0 \u00a0 MRH Pablo&hellip;<\/p>\n","protected":false},"author":1,"featured_media":0,"parent":0,"menu_order":0,"comment_status":"closed","ping_status":"closed","template":"","meta":{"footnotes":""},"class_list":["post-6945","page","type-page","status-publish","hentry"],"_links":{"self":[{"href":"https:\/\/comasud.org\/index.php\/wp-json\/wp\/v2\/pages\/6945","targetHints":{"allow":["GET"]}}],"collection":[{"href":"https:\/\/comasud.org\/index.php\/wp-json\/wp\/v2\/pages"}],"about":[{"href":"https:\/\/comasud.org\/index.php\/wp-json\/wp\/v2\/types\/page"}],"author":[{"embeddable":true,"href":"https:\/\/comasud.org\/index.php\/wp-json\/wp\/v2\/users\/1"}],"replies":[{"embeddable":true,"href":"https:\/\/comasud.org\/index.php\/wp-json\/wp\/v2\/comments?post=6945"}],"version-history":[{"count":34,"href":"https:\/\/comasud.org\/index.php\/wp-json\/wp\/v2\/pages\/6945\/revisions"}],"predecessor-version":[{"id":7495,"href":"https:\/\/comasud.org\/index.php\/wp-json\/wp\/v2\/pages\/6945\/revisions\/7495"}],"wp:attachment":[{"href":"https:\/\/comasud.org\/index.php\/wp-json\/wp\/v2\/media?parent=6945"}],"curies":[{"name":"wp","href":"https:\/\/api.w.org\/{rel}","templated":true}]}}